{"id":27,"date":"2012-01-26T11:46:23","date_gmt":"2012-01-26T11:46:23","guid":{"rendered":"http:\/\/brings-online.com\/demo\/wplegal\/?page_id=27"},"modified":"2025-07-25T08:51:04","modified_gmt":"2025-07-25T08:51:04","slug":"infoseite","status":"publish","type":"page","link":"https:\/\/www.speiser-kissel.de\/?page_id=27","title":{"rendered":"Datenschutzerkl\u00e4rung"},"content":{"rendered":"<p><span style=\"color: #800000;\"><strong>Verantwortlichkeit<\/strong><\/span><\/p>\n<p>Verantwortliche Stelle f\u00fcr diese Webseite ist Dr. Norbert Kissel c\/o Speiser &amp; Kissel Rechtsanw\u00e4lte, Kreuznacher Stra\u00dfe 30, 60486 Frankfurt am Main oder unter <a href=\"mailto:info@speiser-kissel.de\">info@speiser-kissel.de<\/a><\/p>\n<p><span style=\"color: #800000;\"><strong>Datenschutzbeauftragter<\/strong><\/span><\/p>\n<p>Gerd B\u00fcttner<\/p>\n<p>Unseren Datenschutzbeauftragten k\u00f6nnen Sie per E-Mail erreichen unter gb@gerd-buettner.de<\/p>\n<p><span style=\"color: #800000;\"><strong>Zugriffsdaten\/ Server-Logfiles<\/strong><\/span><\/p>\n<p>Beim Besuch unserer Webseite <a href=\"http:\/\/www.speiser-kissel.de\/\">www.speiser-kissel.de<\/a> werden durch den auf Ihrem Endger\u00e4t zum Einsatz kommenden Browser automatisch Informationen an den Server unserer Webseite gesendet. Diese Informationen werden tempor\u00e4r in einem sog. Logfile gespeichert. Folgende Informationen werden dabei ohne Ihr Zutun erfasst und bis zur automatisierten L\u00f6schung gespeichert:<\/p>\n<ul>\n<li>IP-Adresse des anfragenden Rechners,<\/li>\n<li>Datum und Uhrzeit des Zugriffs,<\/li>\n<li>Name und URL der abgerufenen Datei,<\/li>\n<li>Webseite, von der aus der Zugriff erfolgt (Referrer-URL),<\/li>\n<li>verwendeter Browser und ggf. das Betriebssystem Ihres Rechners sowie der Name Ihres Access-Providers.<\/li>\n<\/ul>\n<p>Die genannten Daten werden durch uns zu folgenden Zwecken verarbeitet:<\/p>\n<ul>\n<li>Gew\u00e4hrleistung eines reibungslosen Verbindungsaufbaus der Webseite,<\/li>\n<li>Gew\u00e4hrleistung einer komfortablen Nutzung unserer Webseite,<\/li>\n<li>Auswertung der Systemsicherheit und -stabilit\u00e4t sowie<\/li>\n<\/ul>\n<p>Die Rechtsgrundlage f\u00fcr die Datenverarbeitung ist Art.\u00a06 Abs.\u00a01 S.\u00a01 lit.\u00a0f DSGVO. Unser berechtigtes Interesse folgt aus oben aufgelisteten Zwecken zur Datenerhebung. In keinem Fall verwenden wir die erhobenen Daten zu dem Zweck, R\u00fcckschl\u00fcsse auf Ihre Person zu ziehen.<\/p>\n<p><span style=\"color: #800000;\"><strong>Weitergabe\u00a0von Daten<\/strong><\/span><\/p>\n<p>Eine \u00dcbermittlung Ihrer pers\u00f6nlichen Daten an Dritte zu anderen als den im Folgenden aufgef\u00fchrten Zwecken findet nicht statt.<\/p>\n<p>Wir geben Ihre pers\u00f6nlichen Daten nur an Dritte weiter, wenn:<\/p>\n<ul>\n<li>Sie Ihre nach Art.\u00a06 Abs.\u00a01 S.\u00a01 lit.\u00a0a DSGVO ausdr\u00fcckliche Einwilligung dazu erteilt haben,<\/li>\n<li>die Weitergabe nach Art.\u00a06 Abs.\u00a01 S.\u00a01 lit.\u00a0f DSGVO zur Geltendmachung, Aus\u00fcbung oder Verteidigung von Rechtsanspr\u00fcchen erforderlich ist und kein Grund zur Annahme besteht, dass Sie ein \u00fcberwiegendes schutzw\u00fcrdiges Interesse an der Nichtweitergabe Ihrer Daten haben,<\/li>\n<li>f\u00fcr den Fall, dass f\u00fcr die Weitergabe nach Art.\u00a06 Abs.\u00a01 S.\u00a01 lit.\u00a0c DSGVO eine gesetzliche Verpflichtung besteht, sowie<\/li>\n<li>dies gesetzlich zul\u00e4ssig und nach Art.\u00a06 Abs.\u00a01 S.\u00a01 lit.\u00a0b DSGVO f\u00fcr die Abwicklung von Vertragsverh\u00e4ltnissen mit Ihnen erforderlich ist.<\/li>\n<\/ul>\n<p><span style=\"color: #800000;\"><strong>Cookies<\/strong><\/span><\/p>\n<p>Wir setzen auf unserer Seite Cookies ein. Die Nutzung unserer Seite ist auch ohne Cookies m\u00f6glich. Cookies sind kleine Dateien, die Ihr Browser automatisch erstellt und die auf Ihrem Endger\u00e4t (Laptop, Tablet, Smartphone o.\u00e4.) gespeichert werden, wenn Sie unsere Seite besuchen. Cookies richten auf Ihrem Endger\u00e4t keinen Schaden an, enthalten keine Viren, Trojaner oder sonstige Schadsoftware.<\/p>\n<p>In dem Cookie werden Informationen abgelegt, die sich jeweils im Zusammenhang mit dem spezifisch eingesetzten Endger\u00e4t ergeben. Dies bedeutet jedoch nicht, dass wir dadurch unmittelbar Kenntnis von Ihrer Identit\u00e4t erhalten.<\/p>\n<p>Der Einsatz von Cookies dient dazu, die Nutzung unseres Angebots f\u00fcr Sie angenehmer zu gestalten. So setzen wir sogenannte Session-Cookies ein, um zu erkennen, dass Sie einzelne Seiten unserer Webseite bereits besucht haben. Diese werden nach Verlassen unserer Seite automatisch gel\u00f6scht.<\/p>\n<p>Die durch Cookies verarbeiteten Daten sind f\u00fcr die genannten Zwecke zur Wahrung unserer berechtigten Interessen sowie der Dritter nach Art.\u00a06 Abs.\u00a01 S.\u00a01 lit.\u00a0f DSGVO erforderlich.<\/p>\n<p>Die meisten Browser akzeptieren Cookies automatisch. Sie k\u00f6nnen Ihren Browser jedoch so konfigurieren, dass keine Cookies auf Ihrem Computer gespeichert werden oder stets ein Hinweis erscheint, bevor ein neuer Cookie angelegt wird.<\/p>\n<p>Auf der Seite <a href=\"http:\/\/www.allaboutcookies.org\">http:\/\/www.allaboutcookies.org<\/a> k\u00f6nnen Sie mehr \u00fcber die Funktionsweise von Cookies erfahren.<\/p>\n<p><span style=\"color: #800000;\"><strong>Nutzung von Google Maps<\/strong><\/span><\/p>\n<p>Diese Webseite benutzt die Google Maps API, einen Kartendienst der Google Inc. (&#8222;Google&#8220;), zur Darstellung einer interaktiven Karte. Anbieter ist die Google Inc., 1600 Amphitheatre Parkway, Mountain View, CA 94043, USA. Durch die Nutzung von Google Maps k\u00f6nnen Informationen \u00fcber Ihre Benutzung dieser Webseite (einschlie\u00dflich Ihrer IP-Adresse) an einen Server von Google in den USA \u00fcbertragen und dort gespeichert werden.<\/p>\n<p>Google wird die durch Analytics &amp; Maps gewonnenen Informationen gegebenenfalls an Dritte \u00fcbertragen, sofern dies gesetzlich vorgeschrieben ist oder soweit Dritte diese Daten im Auftrag von Google verarbeiten.<\/p>\n<p>Google wird in keinem Fall Ihre IP-Adresse mit anderen Daten von Google in Verbindung bringen. Trotzdem w\u00e4re es technisch m\u00f6glich, dass Google aufgrund der erhaltenen Daten eine Identifizierung zumindest einzelner Nutzender vornehmen k\u00f6nnte. Es w\u00e4re m\u00f6glich, dass personenbezogene Daten und Pers\u00f6nlichkeitsprofile von Nutzern der Webseite von Google f\u00fcr andere Zwecke verarbeitet werden k\u00f6nnten, auf welche wir keinen Einfluss haben und haben k\u00f6nnen. Dies und die Tatsache, dass Daten in die USA \u00fcbermittelt werden, ist aus datenschutzrechtlichen Gr\u00fcnden problematisch.<\/p>\n<p>Sie haben die M\u00f6glichkeit, den Service von Google Maps auf einfache Art und Weise zu deaktivieren und somit den Datentransfer an Google zu verhindern: Deaktivieren Sie dazu JavaScript in Ihrem Browser. Wir weisen Sie jedoch darauf hin, dass Sie in diesem Fall die Kartenanzeige nicht nutzen k\u00f6nnen.<\/p>\n<p>Durch die Nutzung dieser Webseite und das Nichtdeaktivieren der JavaScript-Funktion erkl\u00e4ren Sie ausdr\u00fccklich in Kenntnis der datenschutzrechtlichen Problematik, dass Sie mit der Bearbeitung der \u00fcber Sie erhobenen Daten durch Google in der zuvor beschriebenen Art und Weise und zu dem zuvor benannten Zweck einverstanden sind.<\/p>\n<p>Mehr Informationen zum Umgang mit Nutzerdaten finden Sie in der Datenschutzerkl\u00e4rung von Google: <a href=\"https:\/\/www.google.de\/intl\/de\/policies\/privacy\/\">https:\/\/www.google.de\/intl\/de\/policies\/privacy\/<\/a>.<\/p>\n<p><span style=\"color: #800000;\"><strong>Ihre Betroffenenrechte<\/strong><\/span><\/p>\n<p>Sie haben das Recht:<\/p>\n<ul>\n<li>gem\u00e4\u00df Art.\u00a015 DSGVO Auskunft \u00fcber Ihre von uns verarbeiteten personenbezogenen Daten zu verlangen. Insbesondere k\u00f6nnen Sie Auskunft \u00fcber die Verarbeitungszwecke, die Kategorie der personenbezogenen Daten, die Kategorien von Empf\u00e4ngern, gegen\u00fcber denen Ihre Daten offengelegt wurden oder werden, die geplante Speicherdauer, das Bestehen eines Rechts auf Berichtigung, L\u00f6schung, Einschr\u00e4nkung der Verarbeitung oder Widerspruch, das Bestehen eines Beschwerderechts, die Herkunft ihrer Daten, sofern diese nicht bei uns erhoben wurden, sowie \u00fcber das Bestehen einer automatisierten Entscheidungsfindung einschlie\u00dflich Profiling und ggf. aussagekr\u00e4ftigen Informationen zu deren Einzelheiten verlangen;<\/li>\n<li>gem\u00e4\u00df Art.\u00a016 DSGVO unverz\u00fcglich die Berichtigung unrichtiger oder Vervollst\u00e4ndigung Ihrer bei uns gespeicherten personenbezogenen Daten zu verlangen;<\/li>\n<li>gem\u00e4\u00df Art.\u00a017 DSGVO die L\u00f6schung Ihrer bei uns gespeicherten personenbezogenen Daten zu verlangen, soweit nicht die Verarbeitung zur Aus\u00fcbung des Rechts auf freie Meinungs\u00e4u\u00dferung und Information, zur Erf\u00fcllung einer rechtlichen Verpflichtung, aus Gr\u00fcnden des \u00f6ffentlichen Interesses oder zur Geltendmachung, Aus\u00fcbung oder Verteidigung von Rechtsanspr\u00fcchen erforderlich ist;<\/li>\n<li>gem\u00e4\u00df Art.\u00a018 DSGVO die Einschr\u00e4nkung der Verarbeitung Ihrer personenbezogenen Daten zu verlangen, soweit die Richtigkeit der Daten von Ihnen bestritten wird, die Verarbeitung unrechtm\u00e4\u00dfig ist, Sie aber deren L\u00f6schung ablehnen und wir die Daten nicht mehr ben\u00f6tigen, Sie jedoch diese zur Geltendmachung, Aus\u00fcbung oder Verteidigung von Rechtsanspr\u00fcchen ben\u00f6tigen oder Sie gem\u00e4\u00df Art.\u00a021 DSGVO Widerspruch gegen die Verarbeitung eingelegt haben;<\/li>\n<li>gem\u00e4\u00df Art.\u00a020 DSGVO Ihre personenbezogenen Daten, die Sie uns bereitgestellt haben, in einem strukturierten, g\u00e4ngigen und maschinenlesebaren Format zu erhalten oder die \u00dcbermittlung an einen anderen Verantwortlichen zu verlangen;<\/li>\n<li>gem\u00e4\u00df Art.\u00a07 Abs.\u00a03 DSGVO Ihre einmal erteilte Einwilligung jederzeit gegen\u00fcber uns zu widerrufen. Dies hat zur Folge, dass wir die Datenverarbeitung, die auf dieser Einwilligung beruhte, f\u00fcr die Zukunft nicht mehr fortf\u00fchren d\u00fcrfen und<\/li>\n<li>gem\u00e4\u00df Art.\u00a077 DSGVO sich bei einer Aufsichtsbeh\u00f6rde zu beschweren. In der Regel k\u00f6nnen Sie sich hierf\u00fcr an die Aufsichtsbeh\u00f6rde Ihres \u00fcblichen Aufenthaltsortes oder Arbeitsplatzes oder unseres Kanzleisitzes wenden.<\/li>\n<\/ul>\n<p>Sofern Ihre personenbezogenen Daten auf Grundlage von berechtigten Interessen gem\u00e4\u00df Art.\u00a06 Abs.\u00a01 S.\u00a01 lit.\u00a0f DSGVO verarbeitet werden, haben Sie das Recht, gem\u00e4\u00df Art.\u00a021 DSGVO Widerspruch gegen die Verarbeitung Ihrer personenbezogenen Daten einzulegen, soweit daf\u00fcr Gr\u00fcnde vorliegen, die sich aus Ihrer besonderen Situation ergeben oder sich der Widerspruch gegen Direktwerbung richtet. Im letzteren Fall haben Sie ein generelles Widerspruchsrecht, das ohne Angabe einer besonderen Situation von uns umgesetzt wird.<\/p>\n<p>M\u00f6chten Sie von Ihrem Widerrufs- oder Widerspruchsrecht Gebrauch machen, gen\u00fcgt eine E-Mail an <a href=\"mailto:info@speiser-kissel.de\">info@speiser-kissel.de<\/a>.<\/p>\n<p><span style=\"color: #800000;\"><strong>Datensicherheit<\/strong><\/span><\/p>\n<p>Wir verwenden innerhalb des Webseite-Besuchs das SSL-Verfahren (Secure Socket Layer). Zus\u00e4tzlich bedienen wir uns geeigneter technischer und organisatorischer Sicherheitsma\u00dfnahmen, um Ihre Daten gegen zuf\u00e4llige oder vors\u00e4tzliche Manipulationen, teilweisen oder vollst\u00e4ndigen Verlust, Zerst\u00f6rung oder gegen den unbefugten Zugriff Dritter zu sch\u00fctzen. Unsere Sicherheitsma\u00dfnahmen werden entsprechend der technologischen Entwicklung fortlaufend angepasst.<\/p>\n<p><span style=\"color: #800000;\"><strong>Aktualit\u00e4t und \u00c4nderung dieser Datenschutzerkl\u00e4rung <\/strong><\/span><\/p>\n<p>Diese Datenschutzerkl\u00e4rung ist aktuell g\u00fcltig und hat den Stand Mai 2018.<\/p>\n<p>Durch die Weiterentwicklung unserer Webseite und Angebote dar\u00fcber oder aufgrund ge\u00e4nderter gesetzlicher beziehungsweise beh\u00f6rdlicher Vorgaben kann es notwendig werden, diese Datenschutzerkl\u00e4rung zu \u00e4ndern. Die jeweils aktuelle Datenschutzerkl\u00e4rung kann jederzeit auf der Webseite unter <a href=\"https:\/\/www.speiser-kissel.de\/?page_id=27\">https:\/\/www.speiser-kissel.de\/Datenschutz<\/a> von Ihnen abgerufen und ausgedruckt werden.<\/p>\n","protected":false},"excerpt":{"rendered":"<p>Verantwortlichkeit Verantwortliche Stelle f\u00fcr diese Webseite ist Dr. Norbert Kissel c\/o Speiser &amp; Kissel Rechtsanw\u00e4lte, Kreuznacher Stra\u00dfe 30, 60486 Frankfurt am Main oder unter info@speiser-kissel.de Datenschutzbeauftragter Gerd B\u00fcttner Unseren Datenschutzbeauftragten k\u00f6nnen Sie per E-Mail erreichen unter gb@gerd-buettner.de Zugriffsdaten\/ Server-Logfiles Beim Besuch unserer Webseite www.speiser-kissel.de werden durch den auf Ihrem Endger\u00e4t zum Einsatz kommenden Browser automatisch [&hellip;]<\/p>\n","protected":false},"author":1,"featured_media":432,"parent":0,"menu_order":0,"comment_status":"open","ping_status":"open","template":"","meta":[],"_links":{"self":[{"href":"https:\/\/www.speiser-kissel.de\/index.php?rest_route=\/wp\/v2\/pages\/27"}],"collection":[{"href":"https:\/\/www.speiser-kissel.de\/index.php?rest_route=\/wp\/v2\/pages"}],"about":[{"href":"https:\/\/www.speiser-kissel.de\/index.php?rest_route=\/wp\/v2\/types\/page"}],"author":[{"embeddable":true,"href":"https:\/\/www.speiser-kissel.de\/index.php?rest_route=\/wp\/v2\/users\/1"}],"replies":[{"embeddable":true,"href":"https:\/\/www.speiser-kissel.de\/index.php?rest_route=%2Fwp%2Fv2%2Fcomments&post=27"}],"version-history":[{"count":19,"href":"https:\/\/www.speiser-kissel.de\/index.php?rest_route=\/wp\/v2\/pages\/27\/revisions"}],"predecessor-version":[{"id":658,"href":"https:\/\/www.speiser-kissel.de\/index.php?rest_route=\/wp\/v2\/pages\/27\/revisions\/658"}],"wp:featuredmedia":[{"embeddable":true,"href":"https:\/\/www.speiser-kissel.de\/index.php?rest_route=\/wp\/v2\/media\/432"}],"wp:attachment":[{"href":"https:\/\/www.speiser-kissel.de\/index.php?rest_route=%2Fwp%2Fv2%2Fmedia&parent=27"}],"curies":[{"name":"wp","href":"https:\/\/api.w.org\/{rel}","templated":true}]}}