{"id":180,"date":"2014-01-16T09:18:06","date_gmt":"2014-01-16T09:18:06","guid":{"rendered":"http:\/\/brings-online.com\/demo\/wp-theme-kanzlei\/?page_id=2"},"modified":"2015-02-11T20:13:12","modified_gmt":"2015-02-11T20:13:12","slug":"beispiel-seite-2","status":"publish","type":"page","link":"https:\/\/www.speiser-kissel.de\/","title":{"rendered":"Start"},"content":{"rendered":"<h2>Herzlich Willkommen bei SPEISER &amp; KISSEL<\/h2>\n<p>Sie ben\u00f6tigen einen fachkundigen Anwalt zur L\u00f6sung eines Rechtsproblems?<br \/>\nDabei suchen Sie eine zuverl\u00e4ssige\u00a0Rechtsanwaltskanzlei mit einem hohen Qualit\u00e4tsanspruch?<br \/>\nDann sind Sie bei uns genau richtig!<\/p>\n<p>&nbsp;<\/p>\n","protected":false},"excerpt":{"rendered":"<p>Herzlich Willkommen bei SPEISER &amp; KISSEL Sie ben\u00f6tigen einen fachkundigen Anwalt zur L\u00f6sung eines Rechtsproblems? Dabei suchen Sie eine zuverl\u00e4ssige\u00a0Rechtsanwaltskanzlei mit einem hohen Qualit\u00e4tsanspruch? Dann sind Sie bei uns genau richtig! &nbsp;<\/p>\n","protected":false},"author":1,"featured_media":470,"parent":0,"menu_order":0,"comment_status":"open","ping_status":"open","template":"homepage.php","meta":[],"_links":{"self":[{"href":"https:\/\/www.speiser-kissel.de\/index.php?rest_route=\/wp\/v2\/pages\/180"}],"collection":[{"href":"https:\/\/www.speiser-kissel.de\/index.php?rest_route=\/wp\/v2\/pages"}],"about":[{"href":"https:\/\/www.speiser-kissel.de\/index.php?rest_route=\/wp\/v2\/types\/page"}],"author":[{"embeddable":true,"href":"https:\/\/www.speiser-kissel.de\/index.php?rest_route=\/wp\/v2\/users\/1"}],"replies":[{"embeddable":true,"href":"https:\/\/www.speiser-kissel.de\/index.php?rest_route=%2Fwp%2Fv2%2Fcomments&post=180"}],"version-history":[{"count":3,"href":"https:\/\/www.speiser-kissel.de\/index.php?rest_route=\/wp\/v2\/pages\/180\/revisions"}],"predecessor-version":[{"id":264,"href":"https:\/\/www.speiser-kissel.de\/index.php?rest_route=\/wp\/v2\/pages\/180\/revisions\/264"}],"wp:featuredmedia":[{"embeddable":true,"href":"https:\/\/www.speiser-kissel.de\/index.php?rest_route=\/wp\/v2\/media\/470"}],"wp:attachment":[{"href":"https:\/\/www.speiser-kissel.de\/index.php?rest_route=%2Fwp%2Fv2%2Fmedia&parent=180"}],"curies":[{"name":"wp","href":"https:\/\/api.w.org\/{rel}","templated":true}]}}