{"id":15,"date":"2012-01-26T11:22:28","date_gmt":"2012-01-26T11:22:28","guid":{"rendered":"http:\/\/brings-online.com\/demo\/wplegal\/?page_id=11"},"modified":"2022-10-20T06:54:28","modified_gmt":"2022-10-20T06:54:28","slug":"anfahrt","status":"publish","type":"page","link":"https:\/\/www.speiser-kissel.de\/?page_id=15","title":{"rendered":"Anfahrt"},"content":{"rendered":"<p>Von der Autobahn (A5, Westkreuz Frankfurt am Main) erreichen Sie unsere Kanzlei \u00fcber die A648 (Wiesbadener Stra\u00dfe) Richtung Stadtmitte. Am Stadtrand (rechts Tankstelle und ADAC) folgen Sie der Ausfahrt Bockenheim und fahren in den Katharinenkreisel\/Opel Rondell ein. Von dort biegen Sie in die Voltastra\u00dfe ab und folgen dieser bis zum Ende (Eisenbahnunterf\u00fchrung N\u00e4he Westbahnhof). Biegen Sie kurz vor der Eisenbahnunterf\u00fchrung rechts in die Kreuznacher Stra\u00dfe ab und nach 30 m wieder rechts. Dort befindet sich das Eingangsgittertor zur Tiefgarage mit der Klingel (Speiser &amp; Kissel) am S\u00f6ller.<\/p>\n<p>Wenn Sie von der Innenstadt kommen, fahren Sie vom Messekreisel aus die Theodor-Heuss-Allee Richtung Autobahn. Ca. 300 m nach dem Messekreisel ordnen Sie sich ganz rechts ein und fahren unmittelbar nach der Emserbr\u00fccke rechts in die Kreuznacher Stra\u00dfe<br \/>\n(Schild: City West folgen) ein. Fahren Sie am Hotel Novotel vorbei. Kurz bevor die Kreuznacher Stra\u00dfe auf die Voltastra\u00dfe trifft, fahren Sie links zum Eingangsgittertor der Tiefgarage der Kreuznacher Stra\u00dfe 30.<\/p>\n<p>Bitte rufen Sie uns kurz vorher an, damit wir Ihren Mandantenparkplatz in der Tiefgarage reservieren k\u00f6nnen (Telefon: 069-71 91 86-0). Weitere Parkpl\u00e4tze (kostenpflichtig zu 2,50 \u20ac je Stunde) sind auch in der Tiefgarage des Hotel Novotel im Nachbarhaus.<\/p>\n<p>Wenn Sie \u00f6ffentliche Verkehrsmittel benutzen, finden Sie uns mit der S-Bahn mit den Linien S3, S4, S5 oder S6 zur Station Westbahnhof. Oder Sie fahren mit der Stra\u00dfenbahn Linie 17 zur Haltestelle Kuhnwaldstra\u00dfe. Von dort gehen Sie 20 m die Voltastra\u00dfe Richtung Innenstadt bis zur Eisenbahnunterf\u00fchrung.<\/p>\n<p>Der Eingang zur Kanzlei Kreuznacher Stra\u00dfe 30 ist ca. 15 m rechts in die Kreuznacher Stra\u00dfe hinein. Sie finden uns im 6. Stock.<br \/>\nKommen Sie gut bei uns an !<\/p>\n","protected":false},"excerpt":{"rendered":"<p>Von der Autobahn (A5, Westkreuz Frankfurt am Main) erreichen Sie unsere Kanzlei \u00fcber die A648 (Wiesbadener Stra\u00dfe) Richtung Stadtmitte. Am Stadtrand (rechts Tankstelle und ADAC) folgen Sie der Ausfahrt Bockenheim und fahren in den Katharinenkreisel\/Opel Rondell ein. Von dort biegen Sie in die Voltastra\u00dfe ab und folgen dieser bis zum Ende (Eisenbahnunterf\u00fchrung N\u00e4he Westbahnhof). Biegen [&hellip;]<\/p>\n","protected":false},"author":1,"featured_media":456,"parent":0,"menu_order":0,"comment_status":"open","ping_status":"open","template":"","meta":[],"_links":{"self":[{"href":"https:\/\/www.speiser-kissel.de\/index.php?rest_route=\/wp\/v2\/pages\/15"}],"collection":[{"href":"https:\/\/www.speiser-kissel.de\/index.php?rest_route=\/wp\/v2\/pages"}],"about":[{"href":"https:\/\/www.speiser-kissel.de\/index.php?rest_route=\/wp\/v2\/types\/page"}],"author":[{"embeddable":true,"href":"https:\/\/www.speiser-kissel.de\/index.php?rest_route=\/wp\/v2\/users\/1"}],"replies":[{"embeddable":true,"href":"https:\/\/www.speiser-kissel.de\/index.php?rest_route=%2Fwp%2Fv2%2Fcomments&post=15"}],"version-history":[{"count":12,"href":"https:\/\/www.speiser-kissel.de\/index.php?rest_route=\/wp\/v2\/pages\/15\/revisions"}],"predecessor-version":[{"id":641,"href":"https:\/\/www.speiser-kissel.de\/index.php?rest_route=\/wp\/v2\/pages\/15\/revisions\/641"}],"wp:featuredmedia":[{"embeddable":true,"href":"https:\/\/www.speiser-kissel.de\/index.php?rest_route=\/wp\/v2\/media\/456"}],"wp:attachment":[{"href":"https:\/\/www.speiser-kissel.de\/index.php?rest_route=%2Fwp%2Fv2%2Fmedia&parent=15"}],"curies":[{"name":"wp","href":"https:\/\/api.w.org\/{rel}","templated":true}]}}